{"id":2,"date":"2008-10-31T14:57:22","date_gmt":"2008-10-31T14:57:22","guid":{"rendered":"http:\/\/www.eifel-huhn.de\/?page_id=2"},"modified":"2013-09-23T15:11:09","modified_gmt":"2013-09-23T15:11:09","slug":"ueber","status":"publish","type":"page","link":"https:\/\/www.eifel-huhn.de\/index.php\/ueber\/","title":{"rendered":"\u00dcber uns"},"content":{"rendered":"<p>Spass im Netz findet man hier. Ich bin ein Witze Fan und will hier mal ein paar zum guten geben. \ud83d\ude42<\/p>\n<p>Diese Seite ist wirklich noch recht leer. Wie w\u00e4re es denn wenn hier irgendjemand mal einen Witz einstellen w\u00fcrde, sei es \u00fcber Ostfriesen, Blondinen, Bayern oder vielleicht \u00fcber Handys oder Erbsen? Ich h\u00e4tte da einen:<\/p>\n<p>Drei Erbsen gehen \u00fcber die Stra\u00dfe. Als sie gerade in der Mitte der Stra\u00dfe sind und die Stra\u00dfenbahnschienen \u00fcberqueren sagt die eine:&#8220; Passt auf, da kommt eine Stra\u00dfenbahn&#8230;.Knack &#8220; &#8220; Wo?&#8230;. Knack&#8220;.&#8220; Da&#8230; Knack&#8220;.<\/p>\n","protected":false},"excerpt":{"rendered":"<p>Spass im Netz findet man hier. Ich bin ein Witze Fan und will hier mal ein paar zum guten geben. \ud83d\ude42 Diese Seite ist wirklich noch recht leer. Wie w\u00e4re es denn wenn hier irgendjemand mal einen Witz einstellen w\u00fcrde, sei es \u00fcber Ostfriesen, Blondinen, Bayern oder vielleicht \u00fcber Handys oder Erbsen? Ich h\u00e4tte da [&hellip;]<\/p>\n","protected":false},"author":1,"featured_media":0,"parent":0,"menu_order":0,"comment_status":"open","ping_status":"open","template":"","meta":{"footnotes":""},"class_list":["post-2","page","type-page","status-publish","hentry"],"aioseo_notices":[],"_links":{"self":[{"href":"https:\/\/www.eifel-huhn.de\/index.php\/wp-json\/wp\/v2\/pages\/2","targetHints":{"allow":["GET"]}}],"collection":[{"href":"https:\/\/www.eifel-huhn.de\/index.php\/wp-json\/wp\/v2\/pages"}],"about":[{"href":"https:\/\/www.eifel-huhn.de\/index.php\/wp-json\/wp\/v2\/types\/page"}],"author":[{"embeddable":true,"href":"https:\/\/www.eifel-huhn.de\/index.php\/wp-json\/wp\/v2\/users\/1"}],"replies":[{"embeddable":true,"href":"https:\/\/www.eifel-huhn.de\/index.php\/wp-json\/wp\/v2\/comments?post=2"}],"version-history":[{"count":5,"href":"https:\/\/www.eifel-huhn.de\/index.php\/wp-json\/wp\/v2\/pages\/2\/revisions"}],"predecessor-version":[{"id":394,"href":"https:\/\/www.eifel-huhn.de\/index.php\/wp-json\/wp\/v2\/pages\/2\/revisions\/394"}],"wp:attachment":[{"href":"https:\/\/www.eifel-huhn.de\/index.php\/wp-json\/wp\/v2\/media?parent=2"}],"curies":[{"name":"wp","href":"https:\/\/api.w.org\/{rel}","templated":true}]}}